{"id":10047,"date":"2025-05-06T02:37:47","date_gmt":"2025-05-06T02:37:47","guid":{"rendered":"https:\/\/reptbattero.com\/?page_id=10047"},"modified":"2025-07-09T06:02:12","modified_gmt":"2025-07-09T06:02:12","slug":"blogs","status":"publish","type":"page","link":"https:\/\/www.reptbattero.com\/it\/blogs\/","title":{"rendered":"Blog"},"content":{"rendered":"<div data-elementor-type=\"wp-page\" data-elementor-id=\"10047\" class=\"elementor elementor-10047\" data-elementor-settings=\"{&quot;element_pack_global_tooltip_width&quot;:{&quot;unit&quot;:&quot;px&quot;,&quot;size&quot;:&quot;&quot;,&quot;sizes&quot;:[]},&quot;element_pack_global_tooltip_width_tablet&quot;:{&quot;unit&quot;:&quot;px&quot;,&quot;size&quot;:&quot;&quot;,&quot;sizes&quot;:[]},&quot;element_pack_global_tooltip_width_mobile&quot;:{&quot;unit&quot;:&quot;px&quot;,&quot;size&quot;:&quot;&quot;,&quot;sizes&quot;:[]},&quot;element_pack_global_tooltip_padding&quot;:{&quot;unit&quot;:&quot;px&quot;,&quot;top&quot;:&quot;&quot;,&quot;right&quot;:&quot;&quot;,&quot;bottom&quot;:&quot;&quot;,&quot;left&quot;:&quot;&quot;,&quot;isLinked&quot;:true},&quot;element_pack_global_tooltip_padding_tablet&quot;:{&quot;unit&quot;:&quot;px&quot;,&quot;top&quot;:&quot;&quot;,&quot;right&quot;:&quot;&quot;,&quot;bottom&quot;:&quot;&quot;,&quot;left&quot;:&quot;&quot;,&quot;isLinked&quot;:true},&quot;element_pack_global_tooltip_padding_mobile&quot;:{&quot;unit&quot;:&quot;px&quot;,&quot;top&quot;:&quot;&quot;,&quot;right&quot;:&quot;&quot;,&quot;bottom&quot;:&quot;&quot;,&quot;left&quot;:&quot;&quot;,&quot;isLinked&quot;:true},&quot;element_pack_global_tooltip_border_radius&quot;:{&quot;unit&quot;:&quot;px&quot;,&quot;top&quot;:&quot;&quot;,&quot;right&quot;:&quot;&quot;,&quot;bottom&quot;:&quot;&quot;,&quot;left&quot;:&quot;&quot;,&quot;isLinked&quot;:true},&quot;element_pack_global_tooltip_border_radius_tablet&quot;:{&quot;unit&quot;:&quot;px&quot;,&quot;top&quot;:&quot;&quot;,&quot;right&quot;:&quot;&quot;,&quot;bottom&quot;:&quot;&quot;,&quot;left&quot;:&quot;&quot;,&quot;isLinked&quot;:true},&quot;element_pack_global_tooltip_border_radius_mobile&quot;:{&quot;unit&quot;:&quot;px&quot;,&quot;top&quot;:&quot;&quot;,&quot;right&quot;:&quot;&quot;,&quot;bottom&quot;:&quot;&quot;,&quot;left&quot;:&quot;&quot;,&quot;isLinked&quot;:true}}\" data-elementor-post-type=\"page\">\n\t\t\t\t<div class=\"elementor-element elementor-element-c46a3c0 e-con-full e-flex e-con e-parent\" data-id=\"c46a3c0\" data-element_type=\"container\" data-settings=\"{&quot;background_background&quot;:&quot;classic&quot;}\">\n\t\t\t\t<div class=\"elementor-element elementor-element-f9dde5f elementor-widget elementor-widget-heading\" data-id=\"f9dde5f\" data-element_type=\"widget\" data-widget_type=\"heading.default\">\n\t\t\t\t<div class=\"elementor-widget-container\">\n\t\t\t\t\t<h1 class=\"elementor-heading-title elementor-size-default\">Blog<\/h1>\t\t\t\t<\/div>\n\t\t\t\t<\/div>\n\t\t\t\t<div class=\"elementor-element elementor-element-ce7fb61 elementor-widget elementor-widget-pp-breadcrumbs\" data-id=\"ce7fb61\" data-element_type=\"widget\" data-settings=\"{&quot;breadcrumbs_type&quot;:&quot;powerpack&quot;}\" data-widget_type=\"pp-breadcrumbs.default\">\n\t\t\t\t<div class=\"elementor-widget-container\">\n\t\t\t\t\t<ul class=\"pp-breadcrumbs pp-breadcrumbs-powerpack\">\t\t<li class=\"pp-breadcrumbs-item pp-breadcrumbs-item-home\">\n\t\t\t<a class=\"pp-breadcrumbs-crumb pp-breadcrumbs-crumb-link pp-breadcrumbs-crumb-home\" href=\"https:\/\/www.reptbattero.com\/it\" title=\"Casa\">\n\t\t\t\t<span class=\"pp-breadcrumbs-text\">\n\t\t\t\t\t\t\t\t\t\tCasa\t\t\t\t<\/span>\n\t\t\t<\/a>\n\t\t<\/li>\n\t\t<li class=\"pp-breadcrumbs-separator\">\t\t\t\t<span class='pp-separator-icon pp-icon'>\n\t\t\t\t\t<i aria-hidden=\"true\" class=\"fas fa-angle-right\"><\/i>\t\t\t\t<\/span>\n\t\t\t\t<\/li><\/ul>\t\t\t\t<\/div>\n\t\t\t\t<\/div>\n\t\t\t\t<\/div>\n\t\t<div class=\"elementor-element elementor-element-de6fb22 e-con-full e-flex e-con e-parent\" data-id=\"de6fb22\" data-element_type=\"container\" data-settings=\"{&quot;background_background&quot;:&quot;gradient&quot;}\">\n\t\t\t\t<\/div>\n\t\t<div class=\"elementor-element elementor-element-574d4c65 e-flex e-con-boxed e-con e-parent\" data-id=\"574d4c65\" data-element_type=\"container\">\n\t\t\t\t\t<div class=\"e-con-inner\">\n\t\t<div class=\"elementor-element elementor-element-1bd75229 e-con-full e-flex e-con e-child\" data-id=\"1bd75229\" data-element_type=\"container\">\n\t\t\t\t<div class=\"elementor-element elementor-element-f92a28b pp-equal-height-yes pp-posts-thumbnail-ratio elementor-grid-3 elementor-grid-tablet-2 elementor-grid-mobile-1 elementor-widget elementor-widget-pp-posts\" data-id=\"f92a28b\" data-element_type=\"widget\" data-widget_type=\"pp-posts.card\">\n\t\t\t\t<div class=\"elementor-widget-container\">\n\t\t\t\t\t\t\t<div class=\"pp-posts-container\">\n\t\t\t\n\t\t\t\t\t\t\t\t\t\t\n\t\t\t<div class=\"pp-posts pp-posts-skin-card elementor-grid pp-posts-grid\" data-query-type=\"custom\" data-layout=\"grid\" data-page=\"10047\" data-skin=\"card\">\n\t\t\t\t\t\t\t\t\t\t\t<div class=\"pp-post-wrap pp-grid-item-wrap elementor-grid-item post-21693 blog type-blog status-publish has-post-thumbnail\">\n\t\t\t\t\t\t<div class=\"pp-post pp-grid-item\">\n\t\t\t\t\t\t<div class=\"pp-post-thumbnail\">\n\t\t\t<a class=\"pp-post-thumbnail-wrap\" href=\"https:\/\/www.reptbattero.com\/it\/blog\/more-brands-choosing-lfp-battery-cells-2026\/\" title=\"Perch\u00e9 sempre pi\u00f9 marchi scelgono le celle per batterie LFP? Approfondimenti 2026\">\n\t\t\t\t<img fetchpriority=\"high\" decoding=\"async\" width=\"800\" height=\"533\" src=\"https:\/\/www.reptbattero.com\/wp-content\/uploads\/2025\/12\/image-4.png\" class=\"attachment-large size-large wp-image-21696\" alt=\"immagine\" srcset=\"https:\/\/www.reptbattero.com\/wp-content\/uploads\/2025\/12\/image-4.png 936w, https:\/\/www.reptbattero.com\/wp-content\/uploads\/2025\/12\/image-4-300x200.png 300w, https:\/\/www.reptbattero.com\/wp-content\/uploads\/2025\/12\/image-4-768x512.png 768w, https:\/\/www.reptbattero.com\/wp-content\/uploads\/2025\/12\/image-4-18x12.png 18w, https:\/\/www.reptbattero.com\/wp-content\/uploads\/2025\/12\/image-4-600x400.png 600w\" sizes=\"(max-width: 800px) 100vw, 800px\" \/>\t\t\t<\/a>\n\t\t<\/div>\n\t\t\n\t\t\t\t<div class=\"pp-post-content-wrap\">\n\t\t\t\t\t<div class=\"pp-post-content\">\n\t\t\t\t\t\t\t\t\t\t\t\t<h2 class=\"pp-post-title\">\n\t\t\t\t<a href=\"https:\/\/www.reptbattero.com\/it\/blog\/more-brands-choosing-lfp-battery-cells-2026\/\">Perch\u00e9 sempre pi\u00f9 marchi scelgono le celle per batterie LFP? Approfondimenti 2026<\/a>\t\t\t<\/h2>\n\t\t\t\t\t\t\t\t<\/div>\n\t\t\t\t\t\t\t\t\t<a class=\"pp-posts-button elementor-button elementor-size-sm\" href=\"https:\/\/www.reptbattero.com\/it\/blog\/more-brands-choosing-lfp-battery-cells-2026\/\" title=\"Perch\u00e9 sempre pi\u00f9 marchi scelgono le celle per batterie LFP? Approfondimenti 2026\" aria-label=\"Leggi tutto su Perch\u00e9 sempre pi\u00f9 marchi scelgono le celle per batterie LFP? Approfondimenti 2026\">\n\t\t\t<span class=\"elementor-button-content-wrapper\">\n\t\t\t\t\t\t\t\t\t<span class=\"pp-button-text\">\n\t\t\t\t\t\tPer saperne di pi\u00f9\t\t\t\t\t<\/span>\n\t\t\t\t\t\t\t<span class=\"pp-button-icon elementor-button-icon\">\n\t\t\t\t\t\t\t<\/span>\n\t\t\t\t\t\t<\/span>\n\t\t<\/a>\n\t\t\t\t\t\t\t\t<\/div>\n\n\t\t\t\t\t\t\t\t\t\t<div class=\"pp-post-meta-wrap\">\n\t\t\t\t\t\t\t\t<div class=\"pp-post-meta\">\n\t\t\t\t\t\t\t\t\t<span class=\"pp-post-date\">\n\t\t\t\t\t\t<span class=\"pp-meta-text\">\n\t\t\t\t2 dicembre 2025\t\t\t<\/span>\n\t\t<\/span>\n\t\t<span class=\"pp-meta-separator\"><\/span>\n\t\t\t\t\t\t\t\t<\/div>\n\t\t\t<\/div>\n\t\t\t\t\t\t<\/div>\n\t\t\t\t\t<\/div>\n\t\t\t\t<div class=\"pp-post-wrap pp-grid-item-wrap elementor-grid-item post-21683 blog type-blog status-publish has-post-thumbnail\">\n\t\t\t\t\t\t<div class=\"pp-post pp-grid-item\">\n\t\t\t\t\t\t<div class=\"pp-post-thumbnail\">\n\t\t\t<a class=\"pp-post-thumbnail-wrap\" href=\"https:\/\/www.reptbattero.com\/it\/blog\/guide-to-industrial-and-commercial-energy-storage\/\" title=\"La vostra guida definitiva all&#039;accumulo di energia industriale e commerciale (2026)\">\n\t\t\t\t<img decoding=\"async\" width=\"800\" height=\"490\" src=\"https:\/\/www.reptbattero.com\/wp-content\/uploads\/2025\/12\/image.png\" class=\"attachment-large size-large wp-image-21686\" alt=\"immagine\" srcset=\"https:\/\/www.reptbattero.com\/wp-content\/uploads\/2025\/12\/image.png 936w, https:\/\/www.reptbattero.com\/wp-content\/uploads\/2025\/12\/image-300x184.png 300w, https:\/\/www.reptbattero.com\/wp-content\/uploads\/2025\/12\/image-768x470.png 768w, https:\/\/www.reptbattero.com\/wp-content\/uploads\/2025\/12\/image-18x12.png 18w, https:\/\/www.reptbattero.com\/wp-content\/uploads\/2025\/12\/image-600x367.png 600w\" sizes=\"(max-width: 800px) 100vw, 800px\" \/>\t\t\t<\/a>\n\t\t<\/div>\n\t\t\n\t\t\t\t<div class=\"pp-post-content-wrap\">\n\t\t\t\t\t<div class=\"pp-post-content\">\n\t\t\t\t\t\t\t\t\t\t\t\t<h2 class=\"pp-post-title\">\n\t\t\t\t<a href=\"https:\/\/www.reptbattero.com\/it\/blog\/guide-to-industrial-and-commercial-energy-storage\/\">La vostra guida definitiva all'accumulo di energia industriale e commerciale (2026)<\/a>\t\t\t<\/h2>\n\t\t\t\t\t\t\t\t<\/div>\n\t\t\t\t\t\t\t\t\t<a class=\"pp-posts-button elementor-button elementor-size-sm\" href=\"https:\/\/www.reptbattero.com\/it\/blog\/guide-to-industrial-and-commercial-energy-storage\/\" title=\"La vostra guida definitiva all&#039;accumulo di energia industriale e commerciale (2026)\" aria-label=\"Leggi tutto su La vostra guida definitiva all&#039;accumulo di energia industriale e commerciale (2026)\">\n\t\t\t<span class=\"elementor-button-content-wrapper\">\n\t\t\t\t\t\t\t\t\t<span class=\"pp-button-text\">\n\t\t\t\t\t\tPer saperne di pi\u00f9\t\t\t\t\t<\/span>\n\t\t\t\t\t\t\t<span class=\"pp-button-icon elementor-button-icon\">\n\t\t\t\t\t\t\t<\/span>\n\t\t\t\t\t\t<\/span>\n\t\t<\/a>\n\t\t\t\t\t\t\t\t<\/div>\n\n\t\t\t\t\t\t\t\t\t\t<div class=\"pp-post-meta-wrap\">\n\t\t\t\t\t\t\t\t<div class=\"pp-post-meta\">\n\t\t\t\t\t\t\t\t\t<span class=\"pp-post-date\">\n\t\t\t\t\t\t<span class=\"pp-meta-text\">\n\t\t\t\t2 dicembre 2025\t\t\t<\/span>\n\t\t<\/span>\n\t\t<span class=\"pp-meta-separator\"><\/span>\n\t\t\t\t\t\t\t\t<\/div>\n\t\t\t<\/div>\n\t\t\t\t\t\t<\/div>\n\t\t\t\t\t<\/div>\n\t\t\t\t<div class=\"pp-post-wrap pp-grid-item-wrap elementor-grid-item post-16646 blog type-blog status-publish has-post-thumbnail\">\n\t\t\t\t\t\t<div class=\"pp-post pp-grid-item\">\n\t\t\t\t\t\t<div class=\"pp-post-thumbnail\">\n\t\t\t<a class=\"pp-post-thumbnail-wrap\" href=\"https:\/\/www.reptbattero.com\/it\/blog\/what-is-the-bess-system\/\" title=\"Che cos&#039;\u00e8 il sistema BESS?\">\n\t\t\t\t<img alt=\"\" decoding=\"async\" width=\"800\" height=\"417\" src=\"https:\/\/www.reptbattero.com\/wp-content\/uploads\/2025\/05\/ess-utility-banner.webp\" class=\"attachment-large size-large wp-image-9589\" srcset=\"https:\/\/www.reptbattero.com\/wp-content\/uploads\/2025\/05\/ess-utility-banner.webp 960w, https:\/\/www.reptbattero.com\/wp-content\/uploads\/2025\/05\/ess-utility-banner-300x156.webp 300w, https:\/\/www.reptbattero.com\/wp-content\/uploads\/2025\/05\/ess-utility-banner-768x400.webp 768w, https:\/\/www.reptbattero.com\/wp-content\/uploads\/2025\/05\/ess-utility-banner-600x313.webp 600w\" sizes=\"(max-width: 800px) 100vw, 800px\" \/>\t\t\t<\/a>\n\t\t<\/div>\n\t\t\n\t\t\t\t<div class=\"pp-post-content-wrap\">\n\t\t\t\t\t<div class=\"pp-post-content\">\n\t\t\t\t\t\t\t\t\t\t\t\t<h2 class=\"pp-post-title\">\n\t\t\t\t<a href=\"https:\/\/www.reptbattero.com\/it\/blog\/what-is-the-bess-system\/\">Che cos'\u00e8 il sistema BESS?<\/a>\t\t\t<\/h2>\n\t\t\t\t\t\t\t\t<\/div>\n\t\t\t\t\t\t\t\t\t<a class=\"pp-posts-button elementor-button elementor-size-sm\" href=\"https:\/\/www.reptbattero.com\/it\/blog\/what-is-the-bess-system\/\" title=\"Che cos&#039;\u00e8 il sistema BESS?\" aria-label=\"Ulteriori informazioni su Che cos&#039;\u00e8 il sistema BESS?\">\n\t\t\t<span class=\"elementor-button-content-wrapper\">\n\t\t\t\t\t\t\t\t\t<span class=\"pp-button-text\">\n\t\t\t\t\t\tPer saperne di pi\u00f9\t\t\t\t\t<\/span>\n\t\t\t\t\t\t\t<span class=\"pp-button-icon elementor-button-icon\">\n\t\t\t\t\t\t\t<\/span>\n\t\t\t\t\t\t<\/span>\n\t\t<\/a>\n\t\t\t\t\t\t\t\t<\/div>\n\n\t\t\t\t\t\t\t\t\t\t<div class=\"pp-post-meta-wrap\">\n\t\t\t\t\t\t\t\t<div class=\"pp-post-meta\">\n\t\t\t\t\t\t\t\t\t<span class=\"pp-post-date\">\n\t\t\t\t\t\t<span class=\"pp-meta-text\">\n\t\t\t\t3 giugno 2025\t\t\t<\/span>\n\t\t<\/span>\n\t\t<span class=\"pp-meta-separator\"><\/span>\n\t\t\t\t\t\t\t\t<\/div>\n\t\t\t<\/div>\n\t\t\t\t\t\t<\/div>\n\t\t\t\t\t<\/div>\n\t\t\t\t<div class=\"pp-post-wrap pp-grid-item-wrap elementor-grid-item post-11295 blog type-blog status-publish has-post-thumbnail\">\n\t\t\t\t\t\t<div class=\"pp-post pp-grid-item\">\n\t\t\t\t\t\t<div class=\"pp-post-thumbnail\">\n\t\t\t<a class=\"pp-post-thumbnail-wrap\" href=\"https:\/\/www.reptbattero.com\/it\/blog\/new-ev-battery-technology-gain-the-highest-ev-competitiveness\/\" title=\"Nuova tecnologia per le batterie EV: Ottenere la massima competitivit\u00e0 dei veicoli elettrici\">\n\t\t\t\t<img alt=\"\" loading=\"lazy\" decoding=\"async\" width=\"800\" height=\"533\" src=\"https:\/\/www.reptbattero.com\/wp-content\/uploads\/2025\/05\/New-EV-Battery-Technology-Gain-the-Highest-EV-Competitiveness.webp\" class=\"attachment-large size-large wp-image-11299\" srcset=\"https:\/\/www.reptbattero.com\/wp-content\/uploads\/2025\/05\/New-EV-Battery-Technology-Gain-the-Highest-EV-Competitiveness.webp 1000w, https:\/\/www.reptbattero.com\/wp-content\/uploads\/2025\/05\/New-EV-Battery-Technology-Gain-the-Highest-EV-Competitiveness-300x200.webp 300w, https:\/\/www.reptbattero.com\/wp-content\/uploads\/2025\/05\/New-EV-Battery-Technology-Gain-the-Highest-EV-Competitiveness-768x511.webp 768w, https:\/\/www.reptbattero.com\/wp-content\/uploads\/2025\/05\/New-EV-Battery-Technology-Gain-the-Highest-EV-Competitiveness-600x400.webp 600w\" sizes=\"(max-width: 800px) 100vw, 800px\" \/>\t\t\t<\/a>\n\t\t<\/div>\n\t\t\n\t\t\t\t<div class=\"pp-post-content-wrap\">\n\t\t\t\t\t<div class=\"pp-post-content\">\n\t\t\t\t\t\t\t\t\t\t\t\t<h2 class=\"pp-post-title\">\n\t\t\t\t<a href=\"https:\/\/www.reptbattero.com\/it\/blog\/new-ev-battery-technology-gain-the-highest-ev-competitiveness\/\">Nuova tecnologia per le batterie EV: Ottenere la massima competitivit\u00e0 dei veicoli elettrici<\/a>\t\t\t<\/h2>\n\t\t\t\t\t\t\t\t<\/div>\n\t\t\t\t\t\t\t\t\t<a class=\"pp-posts-button elementor-button elementor-size-sm\" href=\"https:\/\/www.reptbattero.com\/it\/blog\/new-ev-battery-technology-gain-the-highest-ev-competitiveness\/\" title=\"Nuova tecnologia per le batterie EV: Ottenere la massima competitivit\u00e0 dei veicoli elettrici\" aria-label=\"Leggi tutto su Nuova tecnologia per batterie EV: Ottenere la massima competitivit\u00e0 dei veicoli elettrici\">\n\t\t\t<span class=\"elementor-button-content-wrapper\">\n\t\t\t\t\t\t\t\t\t<span class=\"pp-button-text\">\n\t\t\t\t\t\tPer saperne di pi\u00f9\t\t\t\t\t<\/span>\n\t\t\t\t\t\t\t<span class=\"pp-button-icon elementor-button-icon\">\n\t\t\t\t\t\t\t<\/span>\n\t\t\t\t\t\t<\/span>\n\t\t<\/a>\n\t\t\t\t\t\t\t\t<\/div>\n\n\t\t\t\t\t\t\t\t\t\t<div class=\"pp-post-meta-wrap\">\n\t\t\t\t\t\t\t\t<div class=\"pp-post-meta\">\n\t\t\t\t\t\t\t\t\t<span class=\"pp-post-date\">\n\t\t\t\t\t\t<span class=\"pp-meta-text\">\n\t\t\t\t9 maggio 2025\t\t\t<\/span>\n\t\t<\/span>\n\t\t<span class=\"pp-meta-separator\"><\/span>\n\t\t\t\t\t\t\t\t<\/div>\n\t\t\t<\/div>\n\t\t\t\t\t\t<\/div>\n\t\t\t\t\t<\/div>\n\t\t\t\t\t\t\t\t\t<\/div>\n\t\t\t\n\t\t\t\n\t\t\t\n\t\t\t\n\t\t\t\t\t\t\t\t\t\t\t<div class=\"pp-posts-pagination-wrap pp-posts-pagination-bottom\">\n\t\t\t\t\t\t\t\t\t<\/div>\n\t\t\t\t\t\t\t\t\t<\/div>\n\n\t\t\n\t\t\t\t\t\t<\/div>\n\t\t\t\t<\/div>\n\t\t\t\t<\/div>\n\t\t\t\t\t<\/div>\n\t\t\t\t<\/div>\n\t\t\t\t<\/div>","protected":false},"excerpt":{"rendered":"<p>Blog Home Cos'\u00e8 il sistema BESS? Per saperne di pi\u00f9 3 giugno 2025 Nuova tecnologia per le batterie EV: Ottenere la massima competitivit\u00e0 dei veicoli elettrici Continua a leggere 9 maggio 2025<\/p>","protected":false},"author":4,"featured_media":0,"parent":0,"menu_order":0,"comment_status":"closed","ping_status":"closed","template":"","meta":{"_seopress_robots_primary_cat":"","_seopress_titles_title":"Blogs | REPT BATTERO","_seopress_titles_desc":"Explore REPT BATTERO\u2019s blog for expert insights on lithium battery and energy storage system.","_seopress_robots_index":"","footnotes":""},"class_list":["post-10047","page","type-page","status-publish"],"_links":{"self":[{"href":"https:\/\/www.reptbattero.com\/it\/wp-json\/wp\/v2\/pages\/10047","targetHints":{"allow":["GET"]}}],"collection":[{"href":"https:\/\/www.reptbattero.com\/it\/wp-json\/wp\/v2\/pages"}],"about":[{"href":"https:\/\/www.reptbattero.com\/it\/wp-json\/wp\/v2\/types\/page"}],"author":[{"embeddable":true,"href":"https:\/\/www.reptbattero.com\/it\/wp-json\/wp\/v2\/users\/4"}],"replies":[{"embeddable":true,"href":"https:\/\/www.reptbattero.com\/it\/wp-json\/wp\/v2\/comments?post=10047"}],"version-history":[{"count":0,"href":"https:\/\/www.reptbattero.com\/it\/wp-json\/wp\/v2\/pages\/10047\/revisions"}],"wp:attachment":[{"href":"https:\/\/www.reptbattero.com\/it\/wp-json\/wp\/v2\/media?parent=10047"}],"curies":[{"name":"wp","href":"https:\/\/api.w.org\/{rel}","templated":true}]}}